{"id":2286,"date":"2021-08-12T17:57:40","date_gmt":"2021-08-12T17:57:40","guid":{"rendered":"http:\/\/cmcnational.com\/votre-soutien\/partenaires-et-commanditaires\/"},"modified":"2025-11-10T15:40:04","modified_gmt":"2025-11-10T20:40:04","slug":"partners-and-sponsors","status":"publish","type":"page","link":"https:\/\/cmcnational.com\/en\/your-support\/partners-and-sponsors\/","title":{"rendered":"Partners and Sponsors"},"content":{"rendered":"<p>[vc_row][vc_column width=&#8221;5\/6&#8243; offset=&#8221;vc_col-sm-offset-1&#8243;][vc_tta_accordion shape=&#8221;square&#8221; color=&#8221;white&#8221; c_position=&#8221;right&#8221; active_section=&#8221;1&#8243; no_fill=&#8221;true&#8221; collapsible_all=&#8221;true&#8221; el_class=&#8221;upperCTitle&#8221;][vc_tta_section title=&#8221;National&#8221; tab_id=&#8221;national&#8221;][vc_row_inner][vc_column_inner][vc_custom_heading text=&#8221;SPONSORS&#8221; use_theme_fonts=&#8221;yes&#8221; css=&#8221;.vc_custom_1632407497449{margin-bottom: 35px !important;}&#8221;][\/vc_column_inner][\/vc_row_inner][vc_row_inner disable_element=&#8221;yes&#8221;][vc_column_inner width=&#8221;1\/3&#8243; offset=&#8221;vc_col-sm-offset-2&#8243;][vc_column_text el_class=&#8221;titreTypePartenaire&#8221;]<\/p>\n<p style=\"text-align: center;\"><strong>MAIN SPONSOR<\/strong><\/p>\n<p>[\/vc_column_text][vc_single_image image=&#8221;204&#8243; img_size=&#8221;full&#8221; alignment=&#8221;center&#8221; css=&#8221;.vc_custom_1631821000711{margin-bottom: 0px !important;}&#8221;][\/vc_column_inner][vc_column_inner width=&#8221;1\/3&#8243;][vc_column_text el_class=&#8221;titreTypePartenaire&#8221;]<\/p>\n<p style=\"text-align: center;\"><strong>MAJOR SPONSOR<\/strong><\/p>\n<p>[\/vc_column_text][vc_single_image image=&#8221;205&#8243; img_size=&#8221;full&#8221; alignment=&#8221;center&#8221; css=&#8221;.vc_custom_1631821036500{margin-bottom: 0px !important;}&#8221;][\/vc_column_inner][\/vc_row_inner][vc_row_inner disable_element=&#8221;yes&#8221;][vc_column_inner width=&#8221;1\/3&#8243; offset=&#8221;vc_col-sm-offset-4&#8243;][vc_column_text el_class=&#8221;titreTypePartenaire&#8221;]<\/p>\n<p style=\"text-align: center;\"><strong>ASSOCIATED SPONSOR<br \/>\nQUEBEC NATIONAL AUDITION<\/strong><\/p>\n<p>[\/vc_column_text][vc_single_image image=&#8221;1819&#8243; img_size=&#8221;full&#8221; alignment=&#8221;center&#8221; css=&#8221;.vc_custom_1648220305570{margin-bottom: 0px !important;}&#8221;][\/vc_column_inner][\/vc_row_inner][vc_row_inner][vc_column_inner][vc_column_text el_class=&#8221;titreTypePartenaire&#8221;]<\/p>\n<p style=\"text-align: center;\"><strong>FONDATIONS<\/strong><\/p>\n<p>[\/vc_column_text][\/vc_column_inner][\/vc_row_inner][vc_row_inner][vc_column_inner width=&#8221;1\/3&#8243; offset=&#8221;vc_col-sm-offset-2&#8243;][vc_single_image image=&#8221;5527&#8243; img_size=&#8221;full&#8221; alignment=&#8221;center&#8221; css=&#8221;.vc_custom_1742477716750{margin-bottom: 0px !important;}&#8221;][\/vc_column_inner][vc_column_inner width=&#8221;1\/3&#8243;][vc_single_image image=&#8221;5608&#8243; img_size=&#8221;full&#8221; alignment=&#8221;center&#8221; css=&#8221;.vc_custom_1742477731037{margin-bottom: 0px !important;}&#8221;][\/vc_column_inner][\/vc_row_inner][vc_row_inner disable_element=&#8221;yes&#8221;][vc_column_inner width=&#8221;1\/3&#8243; offset=&#8221;vc_col-sm-offset-2&#8243;][vc_single_image image=&#8221;1295&#8243; img_size=&#8221;full&#8221; alignment=&#8221;center&#8221; css=&#8221;.vc_custom_1631821021869{margin-bottom: 0px !important;}&#8221;][\/vc_column_inner][vc_column_inner width=&#8221;1\/3&#8243;][vc_single_image image=&#8221;1301&#8243; img_size=&#8221;full&#8221; alignment=&#8221;center&#8221; css=&#8221;.vc_custom_1631821026805{margin-bottom: 0px !important;}&#8221;][\/vc_column_inner][\/vc_row_inner][vc_row_inner disable_element=&#8221;yes&#8221;][vc_column_inner][vc_column_text el_class=&#8221;titreTypePartenaire&#8221;]<\/p>\n<p style=\"text-align: center;\"><strong>PUBLIC PARTNERS<\/strong><\/p>\n<p>[\/vc_column_text][\/vc_column_inner][\/vc_row_inner][vc_row_inner disable_element=&#8221;yes&#8221;][vc_column_inner width=&#8221;1\/3&#8243; offset=&#8221;vc_col-sm-offset-4&#8243;][vc_single_image image=&#8221;1294&#8243; img_size=&#8221;full&#8221; alignment=&#8221;center&#8221; css=&#8221;.vc_custom_1631821012374{margin-bottom: 0px !important;}&#8221;][\/vc_column_inner][\/vc_row_inner][vc_row_inner][vc_column_inner][vc_column_text el_class=&#8221;titreTypePartenaire&#8221;]<\/p>\n<p style=\"text-align: center;\"><strong>SERVICE PARTNERS<\/strong><\/p>\n<p>[\/vc_column_text][\/vc_column_inner][\/vc_row_inner][vc_row_inner][vc_column_inner width=&#8221;1\/3&#8243; offset=&#8221;vc_col-sm-offset-2&#8243;][vc_single_image image=&#8221;1302&#8243; img_size=&#8221;full&#8221; alignment=&#8221;center&#8221; css=&#8221;.vc_custom_1631821042204{margin-bottom: 0px !important;}&#8221;][\/vc_column_inner][vc_column_inner width=&#8221;1\/3&#8243;][vc_single_image image=&#8221;207&#8243; img_size=&#8221;full&#8221; alignment=&#8221;center&#8221; css=&#8221;.vc_custom_1631821046700{margin-bottom: 0px !important;}&#8221;][\/vc_column_inner][\/vc_row_inner][vc_row_inner][vc_column_inner][vc_column_text el_class=&#8221;titreTypePartenaire&#8221;]<\/p>\n<p style=\"text-align: center;\"><strong>ARTISTIC PARTNERS<\/strong><\/p>\n<p>[\/vc_column_text][\/vc_column_inner][\/vc_row_inner][vc_row_inner][vc_column_inner width=&#8221;1\/3&#8243; offset=&#8221;vc_col-sm-offset-4&#8243;][vc_single_image image=&#8221;1895&#8243; img_size=&#8221;full&#8221; alignment=&#8221;center&#8221; onclick=&#8221;custom_link&#8221; css=&#8221;.vc_custom_1681752355076{margin-bottom: 0px !important;}&#8221; link=&#8221;https:\/\/www.jmcanada.ca\/fr\/fondation\/&#8221;][\/vc_column_inner][\/vc_row_inner][vc_row_inner disable_element=&#8221;yes&#8221;][vc_column_inner width=&#8221;1\/3&#8243;][vc_single_image image=&#8221;1288&#8243; img_size=&#8221;full&#8221; alignment=&#8221;center&#8221; css=&#8221;.vc_custom_1631821061475{margin-bottom: 0px !important;}&#8221;][\/vc_column_inner][vc_column_inner width=&#8221;1\/3&#8243;][vc_single_image image=&#8221;1297&#8243; img_size=&#8221;full&#8221; alignment=&#8221;center&#8221; css=&#8221;.vc_custom_1631821066059{margin-bottom: 0px !important;}&#8221;][\/vc_column_inner][vc_column_inner width=&#8221;1\/3&#8243;][vc_single_image image=&#8221;1296&#8243; img_size=&#8221;full&#8221; alignment=&#8221;center&#8221; css=&#8221;.vc_custom_1631821070930{margin-bottom: 0px !important;}&#8221;][\/vc_column_inner][\/vc_row_inner][vc_row_inner][vc_column_inner][vc_custom_heading text=&#8221;NATIONAL DONORS&#8221; use_theme_fonts=&#8221;yes&#8221;][vc_column_text]Howard Alter, Myl\u00e8ne B\u00e9langer, Mark Boismier, Jay Buenafe, Salavador Caceres, Jay Cai, Shamir Chandarana, Pascal Chartrand, Tiffany Ching, Kristell Clarke, Nadine Coulombe, William Crawford, Ying Cui, Qi Yu Ding, Yan Ding, Yi Ling Du, Anonyme, Carl Fakeley, Hong Fang, Jie Feng, Leyan Gao, Qun Gong, Yu Guo, Xinli Guo, Boon Thye Ho, Ruikun Hou, Jie Ji, Xin Jiang, Eunhyun Joo, Christina Kang, Cheol Kim, Wendy Kohn, Ting Kwan Lau, King Lau, Patrick Lau, Elise Lavoie, Kallen Leung, Isabelle-Annie Levesque, Mei Li, Chauncey Li, Jue Li, Queenie Liang, Lei Liu, Erica Zihe Liu, Teresa Lo, John Lowry, Qijun Lu, Zhiming Lu, Yoayu Ma, Julie Martineau, Marie-Claude Matton, Grant McCallum, Katherine Meginbir, Lili Meng, Amy Paster, Sarah Pollard, Sara Vicki Rochefort, Tomoka Sandhar, Xi Xi Sang, Sabine Schnittka, Andrew Serafini, Tonya Seyer, Irina Shulga, Andrew Sloss, Jean-Philippe Torunski, Lise V\u00e9zina, Peeranut Visetsuth, Yi Wang, Michael Wang, Fu Long Wang, Charles Watson, Benjamin Webster, Cheryll White, Hua Xie, Bing Xue, Xin Yu, Xiaoyan Zeng, Sophia Zhang, Ling Zhang, Yuan Zhang, Xiang Fan Zhang, Amy Zhang, Vanessa Zhang, Jingxin Zhao, Lihui Zhao, Xingxin Zhou[\/vc_column_text][\/vc_column_inner][\/vc_row_inner][\/vc_tta_section][\/vc_tta_accordion][vc_empty_space height=&#8221;30px&#8221;][\/vc_column][\/vc_row][vc_row][vc_column width=&#8221;5\/6&#8243; offset=&#8221;vc_col-sm-offset-1&#8243;][vc_custom_heading text=&#8221;ALBERTA&#8221; font_container=&#8221;tag:div|text_align:left&#8221; use_theme_fonts=&#8221;yes&#8221; el_class=&#8221;titleBig&#8221; css=&#8221;.vc_custom_1631305226915{margin-bottom: 0px !important;}&#8221;][vc_tta_accordion shape=&#8221;square&#8221; color=&#8221;white&#8221; c_position=&#8221;right&#8221; active_section=&#8221;0&#8243; no_fill=&#8221;true&#8221; collapsible_all=&#8221;true&#8221;][vc_tta_section title=&#8221;Calgary&#8221; tab_id=&#8221;1631740242904-67b8e948-fe86&#8243;][vc_row_inner][vc_column_inner][vc_custom_heading text=&#8221;ACKNOWLEDGMENTS&#8221; use_theme_fonts=&#8221;yes&#8221;][\/vc_column_inner][\/vc_row_inner][vc_row_inner][vc_column_inner width=&#8221;1\/4&#8243;][vc_single_image image=&#8221;1346&#8243; img_size=&#8221;full&#8221; css=&#8221;.vc_custom_1631820853878{margin-bottom: 0px !important;}&#8221;][\/vc_column_inner][\/vc_row_inner][vc_row_inner][vc_column_inner][vc_column_text]University of Calgary, AGLC (Alberta gaming and liquor commission), The Calgary Foundation, Scarboro United Church<\/p>\n<p>The of the Canadian Music Competition also recognizes the efforts Calgary chapter to extend the reach of the CMC in the Canadian Prairies by allowing the candidates from Edmonton to join the audition in Calgary.[\/vc_column_text][\/vc_column_inner][\/vc_row_inner][\/vc_tta_section][\/vc_tta_accordion][\/vc_column][\/vc_row][vc_row][vc_column width=&#8221;5\/6&#8243; offset=&#8221;vc_col-sm-offset-1&#8243;][vc_tta_accordion shape=&#8221;square&#8221; color=&#8221;white&#8221; c_position=&#8221;right&#8221; active_section=&#8221;0&#8243; no_fill=&#8221;true&#8221; collapsible_all=&#8221;true&#8221; el_class=&#8221;upperCTitle&#8221;][vc_tta_section title=&#8221;BRITISH COLUMBIA&#8221; tab_id=&#8221;1629749446663-2096db01-c42c&#8221;][vc_row_inner][vc_column_inner][vc_custom_heading text=&#8221;ACKNOWLEDGMENTS&#8221; use_theme_fonts=&#8221;yes&#8221;][\/vc_column_inner][\/vc_row_inner][vc_row_inner][vc_column_inner width=&#8221;1\/4&#8243;][vc_single_image image=&#8221;1348&#8243; img_size=&#8221;full&#8221; alignment=&#8221;center&#8221; css=&#8221;.vc_custom_1631820976591{margin-bottom: 0px !important;}&#8221;][\/vc_column_inner][vc_column_inner width=&#8221;1\/4&#8243;][vc_single_image image=&#8221;1347&#8243; img_size=&#8221;full&#8221; alignment=&#8221;center&#8221; css=&#8221;.vc_custom_1631820984856{margin-bottom: 0px !important;}&#8221;][\/vc_column_inner][\/vc_row_inner][\/vc_tta_section][vc_tta_section title=&#8221;MANITOBA&#8221; tab_id=&#8221;1629749446682-dada4efb-c066&#8243;][vc_row_inner][vc_column_inner][vc_custom_heading text=&#8221;ACKNOWLEDGMENTS&#8221; use_theme_fonts=&#8221;yes&#8221;][vc_column_text]The Winnipeg Foundation, Richardson Foundation Inc, Pollard banknote Limited, GBG Group Inc, Acupuncture &amp; Chinese medical center LTD, Sun Fortune restaurant, Manitoba Great Wall Performing[\/vc_column_text][\/vc_column_inner][\/vc_row_inner][\/vc_tta_section][vc_tta_section title=&#8221;NOVA SCOTIA&#8221; tab_id=&#8221;1629749446701-93b2debe-9c16&#8243;][vc_row_inner][vc_column_inner][vc_custom_heading text=&#8221;Donors&#8221; use_theme_fonts=&#8221;yes&#8221;][vc_column_text]Halifax Chapter (NSRMTA), Dartmouth Chapter (NSRMTA), Valley Chapter (NSRMTA), Provincial Council (NSRMTA),\u00a0 Halifax Ladies&#8217; Musical Club, Edward G. Cleather, Brenda Ploeg, Lynn Stodola, Elizabeth Precious, Gaetan Lang, Carol von Syberg, Margaretta Brown, Anna Bartonova, Patricia Bryson, Evelyn Morris, Helen Murray, Christine Mader[\/vc_column_text][\/vc_column_inner][\/vc_row_inner][vc_row_inner][vc_column_inner][vc_custom_heading text=&#8221;Sponsors &amp; Musical organizations&#8221; use_theme_fonts=&#8221;yes&#8221;][vc_column_text]Doctor Piano, Acadia University School of Music, Dalhousie University, Fountain School of Performing Arts, Maritime Conservatory of Performing Arts, Scotia Festival Peggy Corkum Music Room[\/vc_column_text][\/vc_column_inner][\/vc_row_inner][\/vc_tta_section][\/vc_tta_accordion][\/vc_column][\/vc_row][vc_row][vc_column width=&#8221;5\/6&#8243; offset=&#8221;vc_col-sm-offset-1&#8243;][vc_custom_heading text=&#8221;ONTARIO&#8221; font_container=&#8221;tag:div|text_align:left&#8221; use_theme_fonts=&#8221;yes&#8221; el_class=&#8221;titleBig&#8221; css=&#8221;.vc_custom_1631305218860{margin-bottom: 0px !important;}&#8221;][vc_tta_accordion shape=&#8221;square&#8221; color=&#8221;white&#8221; c_position=&#8221;right&#8221; active_section=&#8221;0&#8243; no_fill=&#8221;true&#8221; collapsible_all=&#8221;true&#8221;][vc_tta_section title=&#8221;Oakville\/Mississauga&#8221; tab_id=&#8221;mississauga&#8221;][vc_row_inner][vc_column_inner][vc_custom_heading text=&#8221;Major donors&#8221; use_theme_fonts=&#8221;yes&#8221;][vc_column_text]Rydlo Family Fund (Oakville Community Foundation), Dagmar Rydlo, Keri Peacock, Hannelore Hewitt, Andrea Schrappe, Richard Brown, Rodney Davis, Colleen and Tony Zariollo, Judith Harris[\/vc_column_text][\/vc_column_inner][\/vc_row_inner][vc_row_inner][vc_column_inner][vc_custom_heading text=&#8221;Major supporters&#8221; use_theme_fonts=&#8221;yes&#8221;][vc_column_text]Harbour Gallery, Oakville Art Studio, Remenyi House of Music, Flower Deco[\/vc_column_text][\/vc_column_inner][\/vc_row_inner][\/vc_tta_section][vc_tta_section title=&#8221;Toronto&#8221; tab_id=&#8221;toronto&#8221;][vc_row_inner][vc_column_inner][vc_custom_heading text=&#8221;Major supporters&#8221; use_theme_fonts=&#8221;yes&#8221;][vc_column_text]MCL, The Foster Hewitt Foundation, Beta Sigma Phi Scarborough City Council, Steinway &amp; Sons[\/vc_column_text][\/vc_column_inner][\/vc_row_inner][vc_row_inner][vc_column_inner width=&#8221;1\/4&#8243;][vc_single_image image=&#8221;1361&#8243; alignment=&#8221;center&#8221; css=&#8221;.vc_custom_1631822076006{margin-bottom: 0px !important;}&#8221;][\/vc_column_inner][\/vc_row_inner][vc_row_inner][vc_column_inner][vc_custom_heading text=&#8221;Major donors&#8221; use_theme_fonts=&#8221;yes&#8221;][vc_column_text]Ying (Lily) Liu, Junlin Zhai \/ Xiaobo Feng, Ping Xu, Ping Zhang, Xin (Sally) He, Hua Yan, Kun Li and Zeming Zhou, Yan Jui (Annie) Xu, Jie Lin, Hua Jun Cao, Ding Yuan, Yong Tian\/Zhi Ling Chen, Yiqiao Meng, Lu Zhang[\/vc_column_text][\/vc_column_inner][\/vc_row_inner][\/vc_tta_section][\/vc_tta_accordion][\/vc_column][\/vc_row][vc_row][vc_column width=&#8221;5\/6&#8243; offset=&#8221;vc_col-sm-offset-1&#8243;][vc_custom_heading text=&#8221;QU\u00c9BEC&#8221; font_container=&#8221;tag:div|text_align:left&#8221; use_theme_fonts=&#8221;yes&#8221; el_class=&#8221;titleBig&#8221; css=&#8221;.vc_custom_1632423558854{margin-bottom: 0px !important;}&#8221;][vc_tta_accordion shape=&#8221;square&#8221; color=&#8221;white&#8221; c_position=&#8221;right&#8221; active_section=&#8221;0&#8243; no_fill=&#8221;true&#8221; collapsible_all=&#8221;true&#8221;][vc_tta_section title=&#8221;Bas-St-Laurent &#8211; Rimouski &#8211; Gasp\u00e9sie&#8221; tab_id=&#8221;bas-st-laurent&#8221;][vc_row_inner][vc_column_inner][vc_custom_heading text=&#8221;Grands amis&#8221; use_theme_fonts=&#8221;yes&#8221;][vc_column_text]Desjardins, Ville de Rimouski, Les R\u00e9v\u00e9rendes\u00a0Soeurs des Ursulines, Les R\u00e9v\u00e9rendes S\u0153urs du Saint-Rosaire, Mme Genevi\u00e8ve Levesque, M. Gervais Sirois, M. Claude Laroche[\/vc_column_text][\/vc_column_inner][\/vc_row_inner][vc_row_inner][vc_column_inner][vc_custom_heading text=&#8221;Grands donateurs&#8221; use_theme_fonts=&#8221;yes&#8221;][vc_column_text]Desjardins, Ville de Rimouski, Les R\u00e9v\u00e9rendes\u00a0Soeurs des Ursulines, Les R\u00e9v\u00e9rendes S\u0153urs du Saint-Rosaire, Mme Genevi\u00e8ve Levesque, M. Gervais Sirois, M. Claude Laroche[\/vc_column_text][\/vc_column_inner][\/vc_row_inner][vc_row_inner][vc_column_inner width=&#8221;1\/4&#8243;][vc_single_image image=&#8221;1354&#8243; img_size=&#8221;full&#8221; alignment=&#8221;center&#8221; css=&#8221;.vc_custom_1631821625013{margin-bottom: 0px !important;}&#8221;][\/vc_column_inner][\/vc_row_inner][\/vc_tta_section][vc_tta_section title=&#8221;Mauricie et Centre-du-Qu\u00e9bec&#8221; tab_id=&#8221;mauricie&#8221;][vc_row_inner][vc_column_inner][vc_custom_heading text=&#8221;Commanditaires&#8221; use_theme_fonts=&#8221;yes&#8221;][\/vc_column_inner][\/vc_row_inner][vc_row_inner][vc_column_inner width=&#8221;1\/4&#8243;][vc_single_image image=&#8221;1352&#8243; img_size=&#8221;full&#8221; alignment=&#8221;center&#8221; css=&#8221;.vc_custom_1631821351696{margin-bottom: 0px !important;}&#8221;][\/vc_column_inner][vc_column_inner width=&#8221;1\/4&#8243;][vc_single_image image=&#8221;1351&#8243; img_size=&#8221;full&#8221; alignment=&#8221;center&#8221; css=&#8221;.vc_custom_1631821330392{margin-bottom: 0px !important;}&#8221;][\/vc_column_inner][vc_column_inner width=&#8221;1\/4&#8243;][vc_single_image image=&#8221;1350&#8243; img_size=&#8221;full&#8221; alignment=&#8221;center&#8221; css=&#8221;.vc_custom_1631821320826{margin-bottom: 0px !important;}&#8221;][\/vc_column_inner][\/vc_row_inner][vc_row_inner][vc_column_inner][vc_column_text]Conservatoire de musique de Trois-Rivi\u00e8res, La Maison de la culture de Trois-Rivi\u00e8res, CUITURE Trois-Rivi\u00e8res[\/vc_column_text][\/vc_column_inner][\/vc_row_inner][vc_row_inner][vc_column_inner][vc_custom_heading text=&#8221;Fondations&#8221; use_theme_fonts=&#8221;yes&#8221;][vc_column_text]Fondation populaire Mauricie, Succession Madame Suzanne Pich\u00e9[\/vc_column_text][\/vc_column_inner][\/vc_row_inner][vc_row_inner][vc_column_inner][vc_custom_heading text=&#8221;REMERCIEMENTS&#8221; use_theme_fonts=&#8221;yes&#8221;][vc_column_text]Groupe CANIMEX, UVASSURANCE, CUlTURE Trois-Rivi\u00e8res, Ville de Trois-Rivi\u00e8res,\u00a0Centre dentaire Philippe ROUSSEAU, FINANCI\u00c8RE BANQUE NATIONALE gestion de patrimoine,\u00a0Le\u00a0Baraka RESTAURANT,\u00a0Le Nouvelliste, METRO\u00a0Plus des Forges, Rousseau Centre fun\u00e9raire, FRIMOUSSE membre de L&#8217;ENTRE JEUX, Salon D\u2019Esth\u00e9tique Cy-Bel, Clinique Danielle B. Brunelle Inc., Trois-Rivi\u00e8res TOYOTA, FINEX SFL Placements, PHYSIO ACTION Plus,\u00a0Lise Chartier Esth\u00e9ticienne, Kathleen Finn Styliste-visage-coloriste, alin<u>\u00e9<\/u>art le studio d&#8217;infographie l&#8217;atelier num\u00e9rique, Gauthier\u00a0fleurs et jardins, Michel Kozlovsky, Ren\u00e9e Laflamme[\/vc_column_text][\/vc_column_inner][\/vc_row_inner][\/vc_tta_section][vc_tta_section title=&#8221;Montr\u00e9al&#8221; tab_id=&#8221;montreal&#8221;][vc_row_inner][vc_column_inner][vc_custom_heading text=&#8221;REMERCIEMENTS&#8221; use_theme_fonts=&#8221;yes&#8221;][vc_column_text]Qu\u00e9becor, Fonds Pierre-Mantha[\/vc_column_text][\/vc_column_inner][\/vc_row_inner][\/vc_tta_section][vc_tta_section title=&#8221;Qu\u00e9bec&#8221; tab_id=&#8221;quebec&#8221;][vc_row_inner][vc_column_inner][vc_custom_heading text=&#8221;REMERCIEMENTS&#8221; use_theme_fonts=&#8221;yes&#8221;][vc_column_text]Fondation Lorraine et Jean Turmel, Jocelyn Michaud, S\u0153urs de Saint-Fran\u00e7ois d&#8217;Assise\u00a0, Les S\u0153urs Saint-Joseph de Saint-Vallier, Anita Verhelst, Jacques St-Lauren, Peter Simons, Lise V\u00e9zina, La Capitale assurance et services financiers, Madame Nancy et Monsieur Beno\u00eet Racine, Ville de l\u2019Ancienne-Lorette, S\u0153urs de la Charit\u00e9 de Qu\u00e9bec, Fran\u00e7ois Paradis &#8211; D\u00e9put\u00e9 de L\u00e9vis, Marc Picard &#8211; d\u00e9put\u00e9 des Chutes-de-la-Chaudi\u00e8re, \u00c9ric Caire &#8211; D\u00e9put\u00e9 de La Peltrie, Pauline B\u00e9liveau, Monsieur Henri Fortin, Luc Proven\u00e7al &#8211; d\u00e9put\u00e9 de Beauce Nord, Sylvain L\u00e9vesque &#8211; D\u00e9put\u00e9 de Chauveau, Jeannine Thibault Chabot, Martin Fecteau, Louise Delisle, Conservatoire de musique de Qu\u00e9bec, Commission scolaire de la Capitale, \u00c9cole secondaire Roger-Comtois, Desjardins Caisse des Rivi\u00e8res de Qu\u00e9bec, Carmen Bernier (doyenne, Facult\u00e9 de musique de l&#8217;Universit\u00e9 Laval), Jocelyn et Anita Michaud, Marie-Claude Messely, Pierre-Yves Boivin, Marie Picard, Pauline B\u00e9liveau, Lise V\u00e9zina, Louis Dallaire[\/vc_column_text][\/vc_column_inner][\/vc_row_inner][vc_row_inner][vc_column_inner width=&#8221;1\/4&#8243;][vc_single_image image=&#8221;1360&#8243; img_size=&#8221;full&#8221; alignment=&#8221;center&#8221; css=&#8221;.vc_custom_1631821913784{margin-bottom: 0px !important;}&#8221;][\/vc_column_inner][\/vc_row_inner][\/vc_tta_section][vc_tta_section title=&#8221;Saguenay-Lac-Saint-Jean&#8221; tab_id=&#8221;saguenay&#8221;][vc_row_inner][vc_column_inner][vc_custom_heading text=&#8221;REMERCIEMENTS&#8221; use_theme_fonts=&#8221;yes&#8221;][vc_column_text]Les Centres Jeunesses musicales Canada \u2013 Saguenay, Albert Lemieux, Rotary Chicoutimi, Yvon et Gabrielle Gaudreault, Pauline Morrier-Gauthier, La Congr\u00e9gation des S\u0153urs de Notre-Dame-du-Bon-Conseil de Chicoutimi, Don anonyme, Christine Chabot, Raymonde Simard, Th\u00e9r\u00e8se Dufour, Patricia Nadeau, Line Corneau, Linda Belli, Yvon Delwaide, Universit\u00e9 du Qu\u00e9bec \u00e0 Chicoutimi, Constance Sirois, Pauline Champagne-Bergeron, B\u00e9tons pr\u00e9fabriqu\u00e9s du Lac, Andr\u00e9 Salesse, Mireille Jean, Les dentistes Desautels, La R\u00e9sidence fun\u00e9raire du Saguenay, Michel Gingras, Serge Belley, Michel Lemerise, Aude N\u00e9ron, Ren\u00e9-Marc Simard et Andr\u00e9e Savard, Lise Gauthier, Carmen Simard, Jacinthe Couture, Lucie Chabot, Sylvie Bouchard, Pharmacie H\u00e9l\u00e8ne Montpetit, Sophie Dufour, Th\u00e9r\u00e8se Boucher, Iris Groupe Visuel inc., Margaret Vien, PACO.[\/vc_column_text][\/vc_column_inner][\/vc_row_inner][vc_row_inner][vc_column_inner width=&#8221;1\/4&#8243;][vc_single_image image=&#8221;1359&#8243; img_size=&#8221;full&#8221; alignment=&#8221;center&#8221; css=&#8221;.vc_custom_1631821837299{margin-bottom: 0px !important;}&#8221;][\/vc_column_inner][\/vc_row_inner][\/vc_tta_section][vc_tta_section title=&#8221;Sherbrooke&#8221; tab_id=&#8221;sherbrooke&#8221;][vc_row_inner][vc_column_inner][vc_custom_heading text=&#8221;REMERCIEMENTS&#8221; use_theme_fonts=&#8221;yes&#8221;][\/vc_column_inner][\/vc_row_inner][vc_row_inner][vc_column_inner width=&#8221;1\/4&#8243;][vc_single_image image=&#8221;1358&#8243; img_size=&#8221;full&#8221; alignment=&#8221;center&#8221; css=&#8221;.vc_custom_1631821736478{margin-bottom: 0px !important;}&#8221;][\/vc_column_inner][vc_column_inner width=&#8221;1\/4&#8243;][vc_single_image image=&#8221;1355&#8243; img_size=&#8221;full&#8221; alignment=&#8221;center&#8221; css=&#8221;.vc_custom_1631821744495{margin-bottom: 0px !important;}&#8221;][\/vc_column_inner][vc_column_inner width=&#8221;1\/4&#8243;][vc_single_image image=&#8221;1356&#8243; img_size=&#8221;full&#8221; alignment=&#8221;center&#8221; css=&#8221;.vc_custom_1631821753269{margin-bottom: 0px !important;}&#8221;][\/vc_column_inner][vc_column_inner width=&#8221;1\/4&#8243;][vc_single_image image=&#8221;1357&#8243; img_size=&#8221;full&#8221; alignment=&#8221;center&#8221; css=&#8221;.vc_custom_1631821762343{margin-bottom: 0px !important;}&#8221;][\/vc_column_inner][\/vc_row_inner][\/vc_tta_section][\/vc_tta_accordion][\/vc_column][\/vc_row][vc_row][vc_column width=&#8221;5\/6&#8243; offset=&#8221;vc_col-sm-offset-1&#8243;][vc_tta_accordion shape=&#8221;square&#8221; color=&#8221;white&#8221; c_position=&#8221;right&#8221; active_section=&#8221;0&#8243; no_fill=&#8221;true&#8221; collapsible_all=&#8221;true&#8221; el_class=&#8221;upperCTitle&#8221;][vc_tta_section title=&#8221;SASKATCHEWAN&#8221; tab_id=&#8221;1631740257742-2ff86656-8e6f&#8221;][vc_row_inner][vc_column_inner][vc_custom_heading text=&#8221;ACKNOWLEDGMENTS&#8221; use_theme_fonts=&#8221;yes&#8221;][vc_column_text]The Saskatchewan CMC Committee is indebted to the families, friends and teachers of the students involved in the 2021 event. We would like to give special thanks to the Board of our Venue Sponsor &#8211; The Bassment &#8211; for their generosity and to Roger Jolly for his expertise preparing the grand pianos[\/vc_column_text][\/vc_column_inner][\/vc_row_inner][\/vc_tta_section][\/vc_tta_accordion][\/vc_column][\/vc_row][vc_row el_class=&#8221;widgetPartenaires&#8221;][vc_column][vc_widget_sidebar sidebar_id=&#8221;partenaires-widget-area&#8221;][\/vc_column][\/vc_row]<\/p>\n","protected":false},"excerpt":{"rendered":"<p>[vc_row][vc_column width=&#8221;5\/6&#8243; offset=&#8221;vc_col-sm-offset-1&#8243;][vc_tta_accordion shape=&#8221;square&#8221; color=&#8221;white&#8221; c_position=&#8221;right&#8221; active_section=&#8221;1&#8243; no_fill=&#8221;true&#8221; collapsible_all=&#8221;true&#8221; el_class=&#8221;upperCTitle&#8221;][vc_tta_section title=&#8221;National&#8221; tab_id=&#8221;national&#8221;][vc_row_inner][vc_column_inner][vc_custom_heading text=&#8221;SPONSORS&#8221; use_theme_fonts=&#8221;yes&#8221; css=&#8221;.vc_custom_1632407497449{margin-bottom: 35px !important;}&#8221;][\/vc_column_inner][\/vc_row_inner][vc_row_inner disable_element=&#8221;yes&#8221;][vc_column_inner width=&#8221;1\/3&#8243; offset=&#8221;vc_col-sm-offset-2&#8243;][vc_column_text el_class=&#8221;titreTypePartenaire&#8221;] MAIN SPONSOR [\/vc_column_text][vc_single_image image=&#8221;204&#8243; img_size=&#8221;full&#8221;<span class=\"excerpt-hellip\"> [\u2026]<\/span><\/p>\n","protected":false},"author":1,"featured_media":0,"parent":2281,"menu_order":0,"comment_status":"closed","ping_status":"closed","template":"","meta":{"footnotes":""},"class_list":["post-2286","page","type-page","status-publish","hentry"],"_links":{"self":[{"href":"https:\/\/cmcnational.com\/en\/wp-json\/wp\/v2\/pages\/2286","targetHints":{"allow":["GET"]}}],"collection":[{"href":"https:\/\/cmcnational.com\/en\/wp-json\/wp\/v2\/pages"}],"about":[{"href":"https:\/\/cmcnational.com\/en\/wp-json\/wp\/v2\/types\/page"}],"author":[{"embeddable":true,"href":"https:\/\/cmcnational.com\/en\/wp-json\/wp\/v2\/users\/1"}],"replies":[{"embeddable":true,"href":"https:\/\/cmcnational.com\/en\/wp-json\/wp\/v2\/comments?post=2286"}],"version-history":[{"count":0,"href":"https:\/\/cmcnational.com\/en\/wp-json\/wp\/v2\/pages\/2286\/revisions"}],"up":[{"embeddable":true,"href":"https:\/\/cmcnational.com\/en\/wp-json\/wp\/v2\/pages\/2281"}],"wp:attachment":[{"href":"https:\/\/cmcnational.com\/en\/wp-json\/wp\/v2\/media?parent=2286"}],"curies":[{"name":"wp","href":"https:\/\/api.w.org\/{rel}","templated":true}]}}