{"id":2204,"date":"2021-08-12T17:55:25","date_gmt":"2021-08-12T17:55:25","guid":{"rendered":"http:\/\/cmcnational.com\/tremplin\/repertoire-demande\/"},"modified":"2022-12-21T09:24:04","modified_gmt":"2022-12-21T14:24:04","slug":"repertoire-requirements","status":"publish","type":"page","link":"https:\/\/cmcnational.com\/en\/stepping-stone\/repertoire-requirements\/","title":{"rendered":"Repertoire Requirements"},"content":{"rendered":"<p>[vc_row full_width=&#8221;stretch_row&#8221; css=&#8221;.vc_custom_1629481673098{background-color: #eb9c30 !important;}&#8221;][vc_column width=&#8221;5\/6&#8243; el_class=&#8221;repertoiredemenu&#8221; css=&#8221;.vc_custom_1629482358113{background-color: #eb9c30 !important;}&#8221; offset=&#8221;vc_col-sm-offset-1&#8243;][vc_widget_sidebar sidebar_id=&#8221;tremplin-rep-demande&#8221;][\/vc_column][\/vc_row][vc_row full_width=&#8221;stretch_row&#8221; el_class=&#8221;containerBg&#8221;][vc_column width=&#8221;5\/6&#8243; offset=&#8221;vc_col-sm-offset-1&#8243;][vc_row_inner css=&#8221;.vc_custom_1631219887287{margin-top: 30px !important;}&#8221;][vc_column_inner el_class=&#8221;shadowBlocTxt&#8221; css=&#8221;.vc_custom_1629387235979{margin-bottom: 40px !important;border-top-width: 1px !important;border-right-width: 1px !important;border-bottom-width: 1px !important;border-left-width: 1px !important;border-left-color: #707070 !important;border-left-style: solid !important;border-right-color: #707070 !important;border-right-style: solid !important;border-top-color: #707070 !important;border-top-style: solid !important;border-bottom-color: #707070 !important;border-bottom-style: solid !important;}&#8221;][vc_custom_heading text=&#8221;CONSID\u00c9RATIONS G\u00c9N\u00c9RALES&#8221; use_theme_fonts=&#8221;yes&#8221; css=&#8221;.vc_custom_1631219871352{margin-top: 15px !important;}&#8221;][vc_column_text]Les candidats inscrits dans les cat\u00e9gories Piano 16 \u00e0 25 ans devront pr\u00e9senter un programme musical couvrant au moins trois des cinq p\u00e9riodes suivantes: baroque, classique, romantique, moderne et contemporaine. L\u2019\u00e9tude est consid\u00e9r\u00e9e comme repr\u00e9sentative d\u2019une p\u00e9riode.<\/p>\n<p>Le programme musical de la premi\u00e8re \u00e9preuve devra comprendre des \u0153uvres et mouvements contrastants o\u00f9 la musicalit\u00e9 du candidat pourra se faire entendre dans des temps vari\u00e9s (lent versus rapide).<\/p>\n<p>Note : Votre choix de r\u00e9pertoire doit r\u00e9pondre aux exigences des \u00abLignes directrices pour le r\u00e9pertoire\u00bb contenues dans les r\u00e8glements.[\/vc_column_text][\/vc_column_inner][\/vc_row_inner][vc_row_inner el_class=&#8221;blocInfo&#8221;][vc_column_inner width=&#8221;2\/3&#8243; css=&#8221;.vc_custom_1629487429095{margin-bottom: 40px !important;}&#8221;][vc_custom_heading text=&#8221;PR\u00c9SELECTION&#8221; use_theme_fonts=&#8221;yes&#8221;][vc_column_text]<\/p>\n<p>I am text block. Click edit button to change this text. Lorem ipsum dolor sit amet, consectetur adipiscing elit. Ut elit tellus, luctus nec ullamcorper mattis, pulvinar dapibus leo.<\/p>\n<p>[\/vc_column_text][\/vc_column_inner][\/vc_row_inner][vc_row_inner el_class=&#8221;blocInfo&#8221;][vc_column_inner width=&#8221;2\/3&#8243; css=&#8221;.vc_custom_1629487429095{margin-bottom: 40px !important;}&#8221;][vc_custom_heading text=&#8221;PREMI\u00c8RE \u00c9LIMINATOIRE&#8221; use_theme_fonts=&#8221;yes&#8221;][vc_column_text]<\/p>\n<p>I am text block. Click edit button to change this text. Lorem ipsum dolor sit amet, consectetur adipiscing elit. Ut elit tellus, luctus nec ullamcorper mattis, pulvinar dapibus leo.<\/p>\n<p>[\/vc_column_text][\/vc_column_inner][\/vc_row_inner][vc_row_inner el_class=&#8221;blocInfo&#8221;][vc_column_inner width=&#8221;2\/3&#8243; css=&#8221;.vc_custom_1629487429095{margin-bottom: 40px !important;}&#8221;][vc_custom_heading text=&#8221;DEMI-FINALE&#8221; use_theme_fonts=&#8221;yes&#8221;][vc_column_text]<\/p>\n<p>I am text block. Click edit button to change this text. Lorem ipsum dolor sit amet, consectetur adipiscing elit. Ut elit tellus, luctus nec ullamcorper mattis, pulvinar dapibus leo.<\/p>\n<p>[\/vc_column_text][\/vc_column_inner][\/vc_row_inner][vc_row_inner el_class=&#8221;blocInfo&#8221;][vc_column_inner width=&#8221;2\/3&#8243; css=&#8221;.vc_custom_1629387480498{margin-bottom: 40px !important;}&#8221;][vc_custom_heading text=&#8221;FINALE&#8221; use_theme_fonts=&#8221;yes&#8221;][vc_column_text]<\/p>\n<p>I am text block. Click edit button to change this text. Lorem ipsum dolor sit amet, consectetur adipiscing elit. Ut elit tellus, luctus nec ullamcorper mattis, pulvinar dapibus leo.<\/p>\n<p>[\/vc_column_text][\/vc_column_inner][\/vc_row_inner][vc_row_inner el_class=&#8221;blocBtn&#8221;][vc_column_inner width=&#8221;1\/4&#8243; css=&#8221;.vc_custom_1629491094227{margin-bottom: 40px !important;}&#8221;][vc_single_image image=&#8221;1778&#8243; img_size=&#8221;full&#8221; onclick=&#8221;custom_link&#8221; img_link_target=&#8221;_blank&#8221; link=&#8221;https:\/\/cmcnational.crowdchange.ca\/&#8221;][\/vc_column_inner][\/vc_row_inner][vc_row_inner el_class=&#8221;widgetPartenaires&#8221;][vc_column_inner][vc_widget_sidebar sidebar_id=&#8221;partenaires-widget-area&#8221;][\/vc_column_inner][\/vc_row_inner][\/vc_column][\/vc_row]<\/p>\n","protected":false},"excerpt":{"rendered":"<p>[vc_row full_width=&#8221;stretch_row&#8221; css=&#8221;.vc_custom_1629481673098{background-color: #eb9c30 !important;}&#8221;][vc_column width=&#8221;5\/6&#8243; el_class=&#8221;repertoiredemenu&#8221; css=&#8221;.vc_custom_1629482358113{background-color: #eb9c30 !important;}&#8221; offset=&#8221;vc_col-sm-offset-1&#8243;][vc_widget_sidebar sidebar_id=&#8221;tremplin-rep-demande&#8221;][\/vc_column][\/vc_row][vc_row full_width=&#8221;stretch_row&#8221; el_class=&#8221;containerBg&#8221;][vc_column width=&#8221;5\/6&#8243; offset=&#8221;vc_col-sm-offset-1&#8243;][vc_row_inner css=&#8221;.vc_custom_1631219887287{margin-top: 30px !important;}&#8221;][vc_column_inner el_class=&#8221;shadowBlocTxt&#8221; css=&#8221;.vc_custom_1629387235979{margin-bottom: 40px !important;border-top-width: 1px !important;border-right-width: 1px<span class=\"excerpt-hellip\"> [\u2026]<\/span><\/p>\n","protected":false},"author":1,"featured_media":0,"parent":2202,"menu_order":0,"comment_status":"closed","ping_status":"closed","template":"","meta":{"footnotes":""},"class_list":["post-2204","page","type-page","status-publish","hentry"],"_links":{"self":[{"href":"https:\/\/cmcnational.com\/en\/wp-json\/wp\/v2\/pages\/2204","targetHints":{"allow":["GET"]}}],"collection":[{"href":"https:\/\/cmcnational.com\/en\/wp-json\/wp\/v2\/pages"}],"about":[{"href":"https:\/\/cmcnational.com\/en\/wp-json\/wp\/v2\/types\/page"}],"author":[{"embeddable":true,"href":"https:\/\/cmcnational.com\/en\/wp-json\/wp\/v2\/users\/1"}],"replies":[{"embeddable":true,"href":"https:\/\/cmcnational.com\/en\/wp-json\/wp\/v2\/comments?post=2204"}],"version-history":[{"count":0,"href":"https:\/\/cmcnational.com\/en\/wp-json\/wp\/v2\/pages\/2204\/revisions"}],"up":[{"embeddable":true,"href":"https:\/\/cmcnational.com\/en\/wp-json\/wp\/v2\/pages\/2202"}],"wp:attachment":[{"href":"https:\/\/cmcnational.com\/en\/wp-json\/wp\/v2\/media?parent=2204"}],"curies":[{"name":"wp","href":"https:\/\/api.w.org\/{rel}","templated":true}]}}