{"id":2137,"date":"2021-08-12T18:08:56","date_gmt":"2021-08-12T18:08:56","guid":{"rendered":"http:\/\/cmcnational.com\/concours\/audition-nationale\/membres-du-jury\/"},"modified":"2025-11-10T14:18:36","modified_gmt":"2025-11-10T19:18:36","slug":"members-of-the-jury","status":"publish","type":"page","link":"https:\/\/cmcnational.com\/en\/competition\/national-audition\/members-of-the-jury\/","title":{"rendered":"Members of the jury"},"content":{"rendered":"<p>[vc_row][vc_column width=&#8221;5\/6&#8243; offset=&#8221;vc_col-sm-offset-1&#8243;][vc_empty_space height=&#8221;30px&#8221;][vc_column_text]Jury members for the 2026 edition of the Competition will be announced before the start of the rounds. Check this page again soon![\/vc_column_text][vc_empty_space height=&#8221;200px&#8221;][\/vc_column][\/vc_row][vc_row disable_element=&#8221;yes&#8221;][vc_column width=&#8221;5\/6&#8243; offset=&#8221;vc_col-sm-offset-1&#8243;][vc_tta_tabs style=&#8221;flat&#8221; shape=&#8221;square&#8221; color=&#8221;orange&#8221; active_section=&#8221;1&#8243; no_fill_content_area=&#8221;true&#8221; el_class=&#8221;menuJuge&#8221;][vc_tta_section title=&#8221;Premi\u00e8re \u00e9preuve&#8221; tab_id=&#8221;1631199469435-810b49cc-9df3&#8243;][vc_row_inner][vc_column_inner width=&#8221;1\/6&#8243;][vc_single_image image=&#8221;750&#8243; img_size=&#8221;full&#8221; el_class=&#8221;imgJuge&#8221;][\/vc_column_inner][vc_column_inner width=&#8221;5\/6&#8243;][vc_column_text el_class=&#8221;nomJuge&#8221;]<strong>Nom juge,<\/strong> instruments[\/vc_column_text][vc_column_text el_class=&#8221;bioJuge&#8221;]Caron Allen est dipl\u00f4m\u00e9e de la Queens University School of Music et d\u00e9tient une double majeure en violoncelle et fl\u00fbte. Suite \u00e0 l\u2019obtention de son baccalaur\u00e9at, elle a voyag\u00e9 \u00e0 Vienne et s\u2019est produite comme fl\u00fbtiste avec l\u2019Orchestre Kursalon. Apr\u00e8s avoir fait le tour de l\u2019Europe, elle s\u2019est relocalis\u00e9e \u00e0 Kingston pour obtenir son baccalaur\u00e9at en \u00e9ducation et ensuite fonder deux programmes de cordes. En tant que violoncelliste, elle a \u00e9tudi\u00e9 avec Julian Trzycynski et Daniel Domb. Elle a jou\u00e9 avec le Kingston Symphony tout en continuant d\u2019enseigner les cordes et la musique vocale dans les \u00e9coles.<\/p>\n<p>Elle s\u2019est par la suite install\u00e9e \u00e0 Mississauga o\u00f9 elle a fond\u00e9 deux autres programmes de cordes pour la commission scolaire du district Peel tout en continuant d\u2019enseigner la chorale et l\u2019harmonie. Mme Allen a jou\u00e9 \u00e0 titre de violoncelliste professionnelle pour plusieurs orchestres en Ontario et en 2011, toujours en tant que violoncelliste, elle a amorc\u00e9 une tourn\u00e9e du Yangtze Triangle en Chine avec L\u2019Ontario Festival Symphony Orchestra. \u00c0 l\u2019heure actuelle Caron Allen r\u00e9side \u00e0 Mississauga et dirige le Philharmonia, une division du Halton Mississauga Youth Orchestra. Les orchestres, harmonies et ensembles jazz qu\u2019elle dirige ont atteint de hauts standards d\u2019excellence autant au niveau provincial que national tout au long de sa carri\u00e8re. En plus d\u2019enseigner le violoncelle et la fl\u00fbte dans son studio, Caron est tr\u00e8s en demande en tant que juge partout au Canada.[\/vc_column_text][\/vc_column_inner][\/vc_row_inner][vc_row_inner][vc_column_inner width=&#8221;1\/6&#8243; offset=&#8221;vc_col-sm-offset-2&#8243;][vc_separator color=&#8221;custom&#8221; align=&#8221;align_left&#8221; border_width=&#8221;2&#8243; accent_color=&#8221;#eb9c30&#8243; el_class=&#8221;sepJuge&#8221;][\/vc_column_inner][\/vc_row_inner][vc_row_inner][vc_column_inner width=&#8221;1\/6&#8243;][vc_single_image image=&#8221;750&#8243; img_size=&#8221;full&#8221; el_class=&#8221;imgJuge&#8221;][\/vc_column_inner][vc_column_inner width=&#8221;5\/6&#8243;][vc_column_text el_class=&#8221;nomJuge&#8221;]Nom juge et instruments[\/vc_column_text][vc_column_text el_class=&#8221;bioJuge&#8221;]I am text block. Click edit button to change this text. Lorem ipsum dolor sit amet, consectetur adipiscing elit. Ut elit tellus, luctus nec ullamcorper mattis, pulvinar dapibus leo.[\/vc_column_text][\/vc_column_inner][\/vc_row_inner][vc_row_inner][vc_column_inner width=&#8221;1\/6&#8243; offset=&#8221;vc_col-sm-offset-2&#8243;][vc_separator color=&#8221;custom&#8221; align=&#8221;align_left&#8221; border_width=&#8221;2&#8243; accent_color=&#8221;#eb9c30&#8243; el_class=&#8221;sepJuge&#8221;][\/vc_column_inner][\/vc_row_inner][vc_row_inner][vc_column_inner width=&#8221;1\/6&#8243;][vc_single_image image=&#8221;750&#8243; img_size=&#8221;full&#8221; el_class=&#8221;imgJuge&#8221;][\/vc_column_inner][vc_column_inner width=&#8221;5\/6&#8243;][vc_column_text el_class=&#8221;nomJuge&#8221;]Nom juge et instruments[\/vc_column_text][vc_column_text el_class=&#8221;bioJuge&#8221;]I am text block. Click edit button to change this text. Lorem ipsum dolor sit amet, consectetur adipiscing elit. Ut elit tellus, luctus nec ullamcorper mattis, pulvinar dapibus leo.[\/vc_column_text][\/vc_column_inner][\/vc_row_inner][vc_row_inner][vc_column_inner width=&#8221;1\/6&#8243; offset=&#8221;vc_col-sm-offset-2&#8243;][vc_separator color=&#8221;custom&#8221; align=&#8221;align_left&#8221; border_width=&#8221;2&#8243; accent_color=&#8221;#eb9c30&#8243; el_class=&#8221;sepJuge&#8221;][\/vc_column_inner][\/vc_row_inner][vc_row_inner][vc_column_inner width=&#8221;1\/6&#8243;][vc_single_image image=&#8221;750&#8243; img_size=&#8221;full&#8221; el_class=&#8221;imgJuge&#8221;][\/vc_column_inner][vc_column_inner width=&#8221;5\/6&#8243;][vc_column_text el_class=&#8221;nomJuge&#8221;]Nom juge et instruments[\/vc_column_text][vc_column_text el_class=&#8221;bioJuge&#8221;]I am text block. Click edit button to change this text. Lorem ipsum dolor sit amet, consectetur adipiscing elit. Ut elit tellus, luctus nec ullamcorper mattis, pulvinar dapibus leo.[\/vc_column_text][\/vc_column_inner][\/vc_row_inner][vc_row_inner][vc_column_inner width=&#8221;1\/6&#8243; offset=&#8221;vc_col-sm-offset-2&#8243;][vc_separator color=&#8221;custom&#8221; align=&#8221;align_left&#8221; border_width=&#8221;2&#8243; accent_color=&#8221;#eb9c30&#8243; el_class=&#8221;sepJuge&#8221;][\/vc_column_inner][\/vc_row_inner][\/vc_tta_section][vc_tta_section title=&#8221;Finale nationale&#8221; tab_id=&#8221;1631199469959-2e1bb05c-24a1&#8243;][\/vc_tta_section][\/vc_tta_tabs][\/vc_column][\/vc_row][vc_row el_class=&#8221;widgetPartenaires&#8221;][vc_column][vc_widget_sidebar sidebar_id=&#8221;partenaires-widget-area&#8221;][\/vc_column][\/vc_row]<\/p>\n","protected":false},"excerpt":{"rendered":"<p>[vc_row][vc_column width=&#8221;5\/6&#8243; offset=&#8221;vc_col-sm-offset-1&#8243;][vc_empty_space height=&#8221;30px&#8221;][vc_column_text]Jury members for the 2026 edition of the Competition will be announced before the start of the rounds. Check this page again soon![\/vc_column_text][vc_empty_space<span class=\"excerpt-hellip\"> [\u2026]<\/span><\/p>\n","protected":false},"author":1,"featured_media":0,"parent":2123,"menu_order":0,"comment_status":"closed","ping_status":"closed","template":"","meta":{"footnotes":""},"class_list":["post-2137","page","type-page","status-publish","hentry"],"_links":{"self":[{"href":"https:\/\/cmcnational.com\/en\/wp-json\/wp\/v2\/pages\/2137","targetHints":{"allow":["GET"]}}],"collection":[{"href":"https:\/\/cmcnational.com\/en\/wp-json\/wp\/v2\/pages"}],"about":[{"href":"https:\/\/cmcnational.com\/en\/wp-json\/wp\/v2\/types\/page"}],"author":[{"embeddable":true,"href":"https:\/\/cmcnational.com\/en\/wp-json\/wp\/v2\/users\/1"}],"replies":[{"embeddable":true,"href":"https:\/\/cmcnational.com\/en\/wp-json\/wp\/v2\/comments?post=2137"}],"version-history":[{"count":0,"href":"https:\/\/cmcnational.com\/en\/wp-json\/wp\/v2\/pages\/2137\/revisions"}],"up":[{"embeddable":true,"href":"https:\/\/cmcnational.com\/en\/wp-json\/wp\/v2\/pages\/2123"}],"wp:attachment":[{"href":"https:\/\/cmcnational.com\/en\/wp-json\/wp\/v2\/media?parent=2137"}],"curies":[{"name":"wp","href":"https:\/\/api.w.org\/{rel}","templated":true}]}}