{"id":2111,"date":"2021-08-12T17:58:43","date_gmt":"2021-08-12T17:58:43","guid":{"rendered":"http:\/\/cmcnational.com\/a-propos\/notre-mission\/"},"modified":"2021-09-23T14:51:05","modified_gmt":"2021-09-23T14:51:05","slug":"our-mission","status":"publish","type":"page","link":"https:\/\/cmcnational.com\/en\/about\/our-mission\/","title":{"rendered":"Our Mission"},"content":{"rendered":"<p>[vc_row][vc_column width=&#8221;5\/6&#8243; offset=&#8221;vc_col-sm-offset-1&#8243;][vc_row_inner][vc_column_inner el_class=&#8221;shadowBlocTxt&#8221; css=&#8221;.vc_custom_1631283666212{border-top-width: 1px !important;border-right-width: 1px !important;border-bottom-width: 1px !important;border-left-width: 1px !important;padding-top: 15px !important;padding-right: 15px !important;padding-bottom: 15px !important;padding-left: 15px !important;border-left-color: #707070 !important;border-left-style: solid !important;border-right-color: #707070 !important;border-right-style: solid !important;border-top-color: #707070 !important;border-top-style: solid !important;border-bottom-color: #707070 !important;border-bottom-style: solid !important;}&#8221;][vc_column_text css=&#8221;.vc_custom_1632408531456{margin-bottom: 0px !important;}&#8221;]<span style=\"color: #3b3b97;\"><strong>The Canadian Music Competition and its Chapters, through a competition process and related activities, bring together young Canadian musicians, support their study of classical music, nurture their passion and talent, and encourage the perseverance and discipline required in the achievement of excellence.<\/strong><\/span>[\/vc_column_text][\/vc_column_inner][\/vc_row_inner][vc_custom_heading text=&#8221;MANDATE&#8221; use_theme_fonts=&#8221;yes&#8221; css=&#8221;.vc_custom_1632408545855{margin-bottom: 0px !important;}&#8221;][vc_column_text]Promote the musical art form, further its development and teaching, and make it more accessible by supporting music artists and others dedicated to studying it or pursuing it as a career. Set high standards across Canada by holding a major national competition open to the greatest possible number of young musicians at all stages of their training.[\/vc_column_text][vc_custom_heading text=&#8221;VISION&#8221; use_theme_fonts=&#8221;yes&#8221; css=&#8221;.vc_custom_1632408645948{margin-bottom: 0px !important;}&#8221;][vc_column_text]Contribute to the vitality of Canadian culture by supporting exceptional young musicians.[\/vc_column_text][vc_custom_heading text=&#8221;VALUES&#8221; use_theme_fonts=&#8221;yes&#8221; css=&#8221;.vc_custom_1632408625948{margin-bottom: 0px !important;}&#8221;][vc_column_text]Excellence &#8211; Perseverance &#8211; Commitment &#8211; Determination[\/vc_column_text][vc_custom_heading text=&#8221;A BRIEF HISTORY&#8221; use_theme_fonts=&#8221;yes&#8221; css=&#8221;.vc_custom_1632408561006{margin-bottom: 0px !important;}&#8221;][vc_column_text]The Canadian Music Competition has been at the centre of musical life across the country for close to 65 years. Since it was founded in Montreal in 1958 by Claude Deschamps, Pierre Emond, and Charles Charr\u00e8re, the organization has ensured the vitality of new generations of high-level classical musicians in every community in which it is active, thereby demonstrating its commitment and raison d\u2019\u00eatre on the Canadian cultural landscape.<\/p>\n<p>First known by the name Festival de musique du Qu\u00e9bec (1958), it extended its activities to other Canadian provinces in 1971, as the Canadian Music Competition. The Stepping Stone component was created that same year, with a goal of giving talented musicians the opportunity to prove themselves under conditions that are very similar to those at international competitions.<\/p>\n<p>The regions are at the core of the CMC\u2019s operations across the country. Set up in the form of chapters, the CMC is present in 13 cities: six (6) regions of Quebec (Mauricie and Centre-du-Qu\u00e9bec, Montreal, Quebec City, Rimouski-Gasp\u00e9, Saguenay-Lac Saint-Jean, Sherbrooke), in Ontario (Toronto), Nova Scotia (Halifax), Manitoba (Winnipeg), Saskatchewan (Saskatoon), Alberta (Edmonton and Calgary), and British Columbia (Vancouver). The same spirit that motivated the founders remains alive and well today among all the volunteers who contribute to the Canadian Music Competition. They are pillars of the organization, giving the Competition the energy it requires to pursue its goals.<\/p>\n<p>The Canadian Music Competition has persisted throughout its history because it was built on solid foundations and has consistently been able to adapt to changing conditions in society, with its organizers always using their imagination and demonstrating their passion and determination. A gathering of this scale represents a leading <strong>artistic showcase<\/strong> for the discovery of top-level talent, a unique <strong>educational tool<\/strong> for music teachers (from the elementary school to university levels), a <strong>source of motivation<\/strong>, and an indispensable <strong>learning environment<\/strong> for emerging musicians.<\/p>\n<p>Since its creation in 1958, the Canadian Music Competition has been witness to an ongoing stream of thousands of young musicians, among them, some of the greatest names on the national and international scene today, including Marc-Andr\u00e9 Hamelin, Chantal Juillet, Louis Lortie, Martin Beaver, Marie-Nicole Lemieux, Andr\u00e9 Laplante, Gwen Hoebig, Richard Raymond, Susan Hoeppner, St\u00e9phane Lemelin, Robert Silverman, Angela Cheng, Boris Brott, Anne-Marie Dubois, Jacques H\u00e9tu, Desmond Hoebig, Denis Brott, Angela Hewitt, Janina Fialkowska, Glen Montgomery, James Ehnes, Kerson Leong, and many more.[\/vc_column_text][\/vc_column][\/vc_row][vc_row el_class=&#8221;widgetPartenaires&#8221;][vc_column][vc_widget_sidebar sidebar_id=&#8221;partenaires-widget-area&#8221;][\/vc_column][\/vc_row]<\/p>\n","protected":false},"excerpt":{"rendered":"<p>[vc_row][vc_column width=&#8221;5\/6&#8243; offset=&#8221;vc_col-sm-offset-1&#8243;][vc_row_inner][vc_column_inner el_class=&#8221;shadowBlocTxt&#8221; css=&#8221;.vc_custom_1631283666212{border-top-width: 1px !important;border-right-width: 1px !important;border-bottom-width: 1px !important;border-left-width: 1px !important;padding-top: 15px !important;padding-right: 15px !important;padding-bottom: 15px !important;padding-left: 15px !important;border-left-color: #707070 !important;border-left-style: solid !important;border-right-color: #707070<span class=\"excerpt-hellip\"> [\u2026]<\/span><\/p>\n","protected":false},"author":1,"featured_media":0,"parent":2107,"menu_order":0,"comment_status":"closed","ping_status":"closed","template":"","meta":{"footnotes":""},"class_list":["post-2111","page","type-page","status-publish","hentry"],"_links":{"self":[{"href":"https:\/\/cmcnational.com\/en\/wp-json\/wp\/v2\/pages\/2111","targetHints":{"allow":["GET"]}}],"collection":[{"href":"https:\/\/cmcnational.com\/en\/wp-json\/wp\/v2\/pages"}],"about":[{"href":"https:\/\/cmcnational.com\/en\/wp-json\/wp\/v2\/types\/page"}],"author":[{"embeddable":true,"href":"https:\/\/cmcnational.com\/en\/wp-json\/wp\/v2\/users\/1"}],"replies":[{"embeddable":true,"href":"https:\/\/cmcnational.com\/en\/wp-json\/wp\/v2\/comments?post=2111"}],"version-history":[{"count":0,"href":"https:\/\/cmcnational.com\/en\/wp-json\/wp\/v2\/pages\/2111\/revisions"}],"up":[{"embeddable":true,"href":"https:\/\/cmcnational.com\/en\/wp-json\/wp\/v2\/pages\/2107"}],"wp:attachment":[{"href":"https:\/\/cmcnational.com\/en\/wp-json\/wp\/v2\/media?parent=2111"}],"curies":[{"name":"wp","href":"https:\/\/api.w.org\/{rel}","templated":true}]}}